{"id":2,"date":"2017-06-22T22:07:36","date_gmt":"2017-06-22T20:07:36","guid":{"rendered":"http:\/\/raumgestaltung-braeuniger.de\/?page_id=2"},"modified":"2021-03-05T15:25:35","modified_gmt":"2021-03-05T14:25:35","slug":"referenzen","status":"publish","type":"page","link":"https:\/\/raumgestaltung-braeuniger.de\/","title":{"rendered":"Willkommen"},"content":{"rendered":"<p><img loading=\"lazy\" decoding=\"async\" class=\"alignnone size-full wp-image-390\" src=\"https:\/\/raumgestaltung-braeuniger.de\/wp-content\/uploads\/de.gif\" alt=\"\" width=\"18\" height=\"12\" \/>\u00a0Sehr geehrte Besucher,<\/p>\n<p>ich bin selbst\u00e4ndiger Raumausstatter mit Schwerpunkt <strong>Tapezieren &amp; Streichen<\/strong>. Sie k\u00f6nnen von mir fachgerechtes Arbeiten erwarten, denn ich bin gelernter Maler und Lackierer und habe viele Jahre Berufserfahrung in diesem Bereich. Sauberes Arbeiten hat bei mir Priorit\u00e4t, doch genauso Zuverl\u00e4ssigkeit und P\u00fcnktlichkeit.<\/p>\n<p>Ebenso biete ich Ihnen die <strong>Reinigung<\/strong> Ihrer Objekte an. Zumeist findet das im Zusammenhang mit Malerarbeiten statt, denn f\u00fcr akkurates Arbeiten als Maler ist maximale Sauberkeit die beste Voraussetzung. Doch auch unabh\u00e4ngig davon k\u00f6nnen Reinigungen vereinbart werden. Erfragen Sie bitte auch meine g\u00fcnstigen \u00a0Angebote bei\u00a0<strong>Fensterreinigung<\/strong>\u00a0und <strong>Heizk\u00f6rperreinigung<\/strong> f\u00fcr den privaten wie gesch\u00e4ftlichen Bereich.<\/p>\n<p>Bei der Handwerkskammer eingetragen als bzw. f\u00fcr:<\/p>\n<ul>\n<li>Raumausstatter<\/li>\n<li>Kleben von Tapete und anstreichen<\/li>\n<li>Geb\u00e4udereiniger<\/li>\n<\/ul>\n<p>_______________<\/p>\n<p><img loading=\"lazy\" decoding=\"async\" class=\"alignnone size-full wp-image-391\" src=\"https:\/\/raumgestaltung-braeuniger.de\/wp-content\/uploads\/gb.gif\" alt=\"\" width=\"18\" height=\"12\" \/>\u00a0Dear visitor,<\/p>\n<p>I&#8217;m self-employed interior designer, my main area is <strong>painting and wallpaper<\/strong>. You may expect I make an expert job because I trained as a painter and refer to several years of practice and experience. Neat work has priority but also reliability and punctuality.<\/p>\n<p>I also offer <strong>cleaning<\/strong> of your property. Often it comes in unit with paintwork, that&#8217;s why a maximum of cleanliness is the best condition for it. But also independent from paintwork you can order cleaning work, please also ask for my offers for <strong>window cleaning<\/strong> and <strong>radiator cleaning<\/strong> for home or business.<\/p>\n<p>Registered at the Chamber of Crafts as resp. for:<\/p>\n<ul>\n<li>interior designer<\/li>\n<li>wallpaper and paintwork<\/li>\n<li>building cleaner<\/li>\n<\/ul>\n","protected":false},"excerpt":{"rendered":"<p>\u00a0Sehr geehrte Besucher, ich bin selbst\u00e4ndiger Raumausstatter mit Schwerpunkt Tapezieren &amp; Streichen. Sie k\u00f6nnen von mir fachgerechtes Arbeiten erwarten, denn ich bin gelernter&#8230;<\/p>\n","protected":false},"author":1,"featured_media":0,"parent":0,"menu_order":0,"comment_status":"closed","ping_status":"closed","template":"","meta":{"footnotes":""},"class_list":["post-2","page","type-page","status-publish","hentry"],"aioseo_notices":[],"_links":{"self":[{"href":"https:\/\/raumgestaltung-braeuniger.de\/index.php?rest_route=\/wp\/v2\/pages\/2","targetHints":{"allow":["GET"]}}],"collection":[{"href":"https:\/\/raumgestaltung-braeuniger.de\/index.php?rest_route=\/wp\/v2\/pages"}],"about":[{"href":"https:\/\/raumgestaltung-braeuniger.de\/index.php?rest_route=\/wp\/v2\/types\/page"}],"author":[{"embeddable":true,"href":"https:\/\/raumgestaltung-braeuniger.de\/index.php?rest_route=\/wp\/v2\/users\/1"}],"replies":[{"embeddable":true,"href":"https:\/\/raumgestaltung-braeuniger.de\/index.php?rest_route=%2Fwp%2Fv2%2Fcomments&post=2"}],"version-history":[{"count":27,"href":"https:\/\/raumgestaltung-braeuniger.de\/index.php?rest_route=\/wp\/v2\/pages\/2\/revisions"}],"predecessor-version":[{"id":629,"href":"https:\/\/raumgestaltung-braeuniger.de\/index.php?rest_route=\/wp\/v2\/pages\/2\/revisions\/629"}],"wp:attachment":[{"href":"https:\/\/raumgestaltung-braeuniger.de\/index.php?rest_route=%2Fwp%2Fv2%2Fmedia&parent=2"}],"curies":[{"name":"wp","href":"https:\/\/api.w.org\/{rel}","templated":true}]}}