{"id":301,"date":"2018-05-28T13:48:11","date_gmt":"2018-05-28T11:48:11","guid":{"rendered":"http:\/\/raumgestaltung-braeuniger.de\/?page_id=301"},"modified":"2018-06-11T11:53:35","modified_gmt":"2018-06-11T09:53:35","slug":"datenschutzerklaerung","status":"publish","type":"page","link":"https:\/\/raumgestaltung-braeuniger.de\/?page_id=301","title":{"rendered":"Datenschutzerkl\u00e4rung"},"content":{"rendered":"<h2>Wer wir sind<\/h2>\n<p>Die Adresse unserer Website ist: https:\/\/raumgestaltung-braeuniger.de.<\/p>\n<h2>Datenschutzerkl\u00e4rung<\/h2>\n<p>Soweit nachstehend keine anderen Angaben gemacht werden, ist die Bereitstellung Ihrer personenbezogenen Daten weder gesetzlich oder vertraglich vorgeschrieben noch f\u00fcr die Nutzung der Webseite erforderlich. Sie sind zur Bereitstellung der Daten nicht verpflichtet. Eine Nichtbereitstellung hat keine Folgen. Dies gilt nur soweit bei den nachfolgenden Verarbeitungsvorg\u00e4ngen keine anderweitige Angabe gemacht wird.<br \/>\n\u201ePersonenbezogene Daten\u201c sind alle Informationen, die sich auf eine identifizierte oder identifizierbare nat\u00fcrliche Person beziehen.<\/p>\n<h2>Welche personenbezogenen Daten wir sammeln und warum wir sie sammeln<\/h2>\n<h3>Kommentare<\/h3>\n<p>Wenn Besucher Kommentare auf der Website schreiben, sammeln wir die Daten, die im Kommentar-Formular angezeigt werden, au\u00dferdem die IP-Adresse des Besuchers und den User-Agent-String (damit wird der Browser identifiziert), um die Erkennung von Spam zu unterst\u00fctzen.<\/p>\n<h3>Kontaktformulare<\/h3>\n<p>Bei der Nutzung des Kontaktformulars erheben wir Ihre personenbezogenen Daten (Name, E-Mail-Adresse, Nachrichtentext) nur in dem von Ihnen zur Verf\u00fcgung gestellten Umfang. Die Datenverarbeitung dient dem Zweck der Kontaktaufnahme. Mit Absenden Ihrer Nachricht willigen Sie in die Verarbeitung der \u00fcbermittelten Daten ein. Die Verarbeitung erfolgt auf Grundlage des Art. 6 (1) lit. a DSGVO mit Ihrer Einwilligung.<br \/>\nSie k\u00f6nnen Ihre Einwilligung jederzeit durch Mitteilung an uns widerrufen, ohne dass die Rechtm\u00e4\u00dfigkeit der aufgrund der Einwilligung bis zum Widerruf erfolgten Verarbeitung ber\u00fchrt wird. Ihre E-Mail-Adresse nutzen wir nur zur Bearbeitung Ihrer Anfrage. Ihre Daten werden anschlie\u00dfend gel\u00f6scht, sofern Sie der weitergehenden Verarbeitung und Nutzung nicht zugestimmt haben.<\/p>\n<h3>Cookies<\/h3>\n<p>Unsere Website verwendet Cookies. Cookies sind kleine Textdateien, die im Internetbrowser bzw. vom Internetbrowser auf dem Computersystem eines Nutzers gespeichert werden. Ruft ein Nutzer eine Website auf, so kann ein Cookie auf dem Betriebssystem des Nutzers gespeichert werden. Dieser Cookie enth\u00e4lt eine charakteristische Zeichenfolge, die eine eindeutige Identifizierung des Browsers beim erneuten Aufrufen der Website erm\u00f6glicht. Wir setzen Cookies zu dem Zweck ein, unser Angebot nutzerfreundlicher, effektiver und sicherer zu machen. Des Weiteren erm\u00f6glichen Cookies unseren Systemen, Ihren Browser auch nach einem Seitenwechsel zu erkennen und Ihnen Services anzubieten. Einige Funktionen unserer Internetseite k\u00f6nnen ohne den Einsatz von Cookies nicht angeboten werden. F\u00fcr diese ist es erforderlich, dass der Browser auch nach einem Seitenwechsel wiedererkannt wird.<\/p>\n<p>Die Verarbeitung erfolgt auf Grundlage des \u00a7 15 (3) TMG sowie Art. 6 (1) lit. f DSGVO aus dem berechtigten Interesse an den oben genannten Zwecken.<br \/>\nDie auf diese Weise von Ihnen erhobenen Daten werden durch technische Vorkehrungen pseudonymisiert. Eine Zuordnung der Daten zu Ihrer Person ist daher nicht mehr m\u00f6glich. Die Daten werden nicht gemeinsam mit sonstigen personenbezogenen Daten von Ihnen gespeichert.<br \/>\n<strong><em>Sie haben das Recht aus Gr\u00fcnden, die sich aus Ihrer besonderen Situation ergeben, jederzeit dieser auf Art. 6 (1) f DSGVO beruhenden Verarbeitung Sie betreffender personenbezogener Daten zu widersprechen.<\/em><\/strong><\/p>\n<p>Cookies werden auf Ihrem Rechner gespeichert. Daher haben Sie die volle Kontrolle \u00fcber die Verwendung von Cookies. Durch die Auswahl entsprechender technischer Einstellungen in Ihrem Internetbrowser k\u00f6nnen Sie die Speicherung der Cookies und \u00dcbermittlung der enthaltenen Daten verhindern. Bereits gespeicherte Cookies k\u00f6nnen jederzeit gel\u00f6scht werden. Wir weisen Sie jedoch darauf hin, dass Sie dann gegebenenfalls nicht s\u00e4mtliche Funktionen dieser Website vollumf\u00e4nglich werden nutzen k\u00f6nnen.<\/p>\n<h3>Server-Logfiles<\/h3>\n<p>Sie k\u00f6nnen unsere Webseiten besuchen, ohne Angaben zu Ihrer Person zu machen. Es werden bei jedem Zugriff auf unsere Website Nutzungsdaten durch Ihren Internetbrowser \u00fcbermittelt und in Protokolldaten (Server-Logfiles) gespeichert. Zu diesen gespeicherten Daten geh\u00f6ren z.B. Name der aufgerufenen Seite, Datum und Uhrzeit des Abrufs, \u00fcbertragene Datenmenge und der anfragende Provider. Diese Daten dienen ausschlie\u00dflich der Gew\u00e4hrleistung eines st\u00f6rungsfreien Betriebs unserer Website und zur Verbesserung unseres Angebotes. Eine Zuordnung dieser Daten zu einer bestimmten Person ist nicht m\u00f6glich.<\/p>\n<h3>Eingebettete Inhalte von anderen Websites<\/h3>\n<p>Beitr\u00e4ge auf dieser Website k\u00f6nnen eingebettete Inhalte beinhalten (z.\u00a0B. Videos, Bilder, Beitr\u00e4ge etc.). Eingebettete Inhalte von anderen Websites verhalten sich exakt so, als ob der Besucher die andere Website besucht h\u00e4tte.<\/p>\n<h3>Analysedienste<\/h3>\n<p>Diese Webseite verwendet keine Analysedienste.<\/p>\n<h3>Mit wem wir Ihre Daten teilen<\/h3>\n<p>Au\u00dfer Ihren selbst ver\u00f6ffentlichten Kommentaren werden keine personenbezogenen Daten ver\u00f6ffentlicht. Es werden keine Daten an Dritte weitergegeben. Bei Ihren Kommentaren werden ebenfalls keine Mailadressen ver\u00f6ffentlicht, damit ist Pseudonymisierung m\u00f6glich.<\/p>\n<h3>Wie lange wir Ihre Daten speichern<\/h3>\n<p>Wenn Sie einen Kommentar schreiben, wird dieser inklusive Metadaten zeitlich unbegrenzt gespeichert. Auf diese Art k\u00f6nnen wir Folgekommentare automatisch erkennen und freigeben, anstelle sie in einer Moderations-Warteschlange festzuhalten.<\/p>\n<h2>Welche Rechte Sie an Ihren Daten haben<\/h2>\n<p>Ihnen stehen bei Vorliegen der gesetzlichen Voraussetzungen folgende Rechte nach Art. 15 bis 20 DSGVO zu: Recht auf Auskunft, auf Berichtigung, auf L\u00f6schung, auf Einschr\u00e4nkung der Verarbeitung, auf Daten\u00fcbertragbarkeit.<br \/>\nAu\u00dferdem steht Ihnen nach Art. 21 (1) DSGVO ein Widerspruchsrecht gegen die Verarbeitungen zu, die auf Art. 6 (1) f DSGVO beruhen, sowie gegen die Verarbeitung zum Zwecke von Direktwerbung.<\/p>\n<p>Ihnen stehen bei Vorliegen der gesetzlichen Voraussetzungen folgende Rechte nach Art. 15 bis 20 DSGVO zu: Recht auf Auskunft, auf Berichtigung, auf L\u00f6schung, auf Einschr\u00e4nkung der Verarbeitung, auf Daten\u00fcbertragbarkeit. Da Cookies die Daten pseudonymisieren und eine Identifizierung einer Person unm\u00f6glich macht, kommen die Art. 15 bis 20 aufgrund des Art. 11 DSGVO daf\u00fcr nicht zur Anwendung.<br \/>\nKontaktieren Sie uns auf Wunsch. Die Kontaktdaten finden Sie in unserem Impressum.<br \/>\nUnsererseits sind wir nach Art. 33 DSGVO verpflichtet, Verletzungen des Schutzes personenbezogener Daten unverz\u00fcglich der Aufsichtsbeh\u00f6rde zu melden.<\/p>\n<h3>Beschwerderecht bei der Aufsichtsbeh\u00f6rde<\/h3>\n<p>Sie haben gem\u00e4\u00df Art. 77 DSGVO das Recht, sich bei der Aufsichtsbeh\u00f6rde zu beschweren, wenn Sie der Ansicht sind, dass die Verarbeitung Ihrer personenbezogenen Daten nicht rechtm\u00e4\u00dfig erfolgt.<\/p>\n","protected":false},"excerpt":{"rendered":"<p>Wer wir sind Die Adresse unserer Website ist: https:\/\/raumgestaltung-braeuniger.de. Datenschutzerkl\u00e4rung Soweit nachstehend keine anderen Angaben gemacht werden, ist die Bereitstellung Ihrer personenbezogenen Daten&#8230;<\/p>\n","protected":false},"author":1,"featured_media":0,"parent":0,"menu_order":7,"comment_status":"closed","ping_status":"closed","template":"","meta":{"footnotes":""},"class_list":["post-301","page","type-page","status-publish","hentry"],"aioseo_notices":[],"_links":{"self":[{"href":"https:\/\/raumgestaltung-braeuniger.de\/index.php?rest_route=\/wp\/v2\/pages\/301","targetHints":{"allow":["GET"]}}],"collection":[{"href":"https:\/\/raumgestaltung-braeuniger.de\/index.php?rest_route=\/wp\/v2\/pages"}],"about":[{"href":"https:\/\/raumgestaltung-braeuniger.de\/index.php?rest_route=\/wp\/v2\/types\/page"}],"author":[{"embeddable":true,"href":"https:\/\/raumgestaltung-braeuniger.de\/index.php?rest_route=\/wp\/v2\/users\/1"}],"replies":[{"embeddable":true,"href":"https:\/\/raumgestaltung-braeuniger.de\/index.php?rest_route=%2Fwp%2Fv2%2Fcomments&post=301"}],"version-history":[{"count":4,"href":"https:\/\/raumgestaltung-braeuniger.de\/index.php?rest_route=\/wp\/v2\/pages\/301\/revisions"}],"predecessor-version":[{"id":310,"href":"https:\/\/raumgestaltung-braeuniger.de\/index.php?rest_route=\/wp\/v2\/pages\/301\/revisions\/310"}],"wp:attachment":[{"href":"https:\/\/raumgestaltung-braeuniger.de\/index.php?rest_route=%2Fwp%2Fv2%2Fmedia&parent=301"}],"curies":[{"name":"wp","href":"https:\/\/api.w.org\/{rel}","templated":true}]}}